{"id":18,"date":"2026-03-24T08:46:08","date_gmt":"2026-03-24T07:46:08","guid":{"rendered":"https:\/\/wsmesure.com\/?page_id=18"},"modified":"2026-03-24T10:30:18","modified_gmt":"2026-03-24T09:30:18","slug":"accueil","status":"publish","type":"page","link":"https:\/\/wsmesure.com\/?page_id=18","title":{"rendered":"Accueil"},"content":{"rendered":"\n<div class=\"wp-block-columns is-layout-flex wp-container-core-columns-is-layout-9d6595d7 wp-block-columns-is-layout-flex\">\n<div class=\"wp-block-column is-layout-flow wp-block-column-is-layout-flow\">\n<pre class=\"wp-block-preformatted\">Le guide ultime pour un caf\u00e9 parfait<\/pre>\n\n\n\n<pre class=\"wp-block-preformatted\">D\u00e9couvrez nos articles, guides et comparatifs pour mieux comprendre le caf\u00e9, choisir votre mat\u00e9riel et am\u00e9liorer chaque tasse au quotidien.<\/pre>\n\n\n<style>.wp-block-kadence-advancedbtn.kb-btns18_994cf8-07{gap:var(--global-kb-gap-xs, 0.5rem );justify-content:center;align-items:center;}.kt-btns18_994cf8-07 .kt-button{font-weight:normal;font-style:normal;}.kt-btns18_994cf8-07 .kt-btn-wrap-0{margin-right:5px;}.wp-block-kadence-advancedbtn.kt-btns18_994cf8-07 .kt-btn-wrap-0 .kt-button{color:#555555;border-color:#555555;}.wp-block-kadence-advancedbtn.kt-btns18_994cf8-07 .kt-btn-wrap-0 .kt-button:hover, .wp-block-kadence-advancedbtn.kt-btns18_994cf8-07 .kt-btn-wrap-0 .kt-button:focus{color:#ffffff;border-color:#444444;}.wp-block-kadence-advancedbtn.kt-btns18_994cf8-07 .kt-btn-wrap-0 .kt-button::before{display:none;}.wp-block-kadence-advancedbtn.kt-btns18_994cf8-07 .kt-btn-wrap-0 .kt-button:hover, .wp-block-kadence-advancedbtn.kt-btns18_994cf8-07 .kt-btn-wrap-0 .kt-button:focus{background:#444444;}<\/style>\n<div class=\"wp-block-kadence-advancedbtn kb-buttons-wrap kb-btns18_994cf8-07\"><style>ul.menu .wp-block-kadence-advancedbtn .kb-btn18_2b0136-50.kb-button{width:initial;}<\/style><span class=\"kb-button kt-button button kb-btn18_2b0136-50 kt-btn-size-standard kt-btn-width-type-auto kb-btn-global-fill  kt-btn-has-text-true kt-btn-has-svg-false  wp-block-kadence-singlebtn\"><span class=\"kt-btn-inner-text\">D\u00e9couvrir les articles<\/span><\/span><\/div>\n<\/div>\n\n\n\n<div class=\"wp-block-column is-layout-flow wp-block-column-is-layout-flow\">\n<figure class=\"wp-block-image size-large\"><img loading=\"lazy\" decoding=\"async\" width=\"572\" height=\"1024\" src=\"https:\/\/wsmesure.com\/wp-content\/uploads\/2026\/03\/A_premium_coffee_202603240745-572x1024.jpg\" alt=\"\" class=\"wp-image-23\" srcset=\"https:\/\/wsmesure.com\/wp-content\/uploads\/2026\/03\/A_premium_coffee_202603240745-572x1024.jpg 572w, https:\/\/wsmesure.com\/wp-content\/uploads\/2026\/03\/A_premium_coffee_202603240745-167x300.jpg 167w, https:\/\/wsmesure.com\/wp-content\/uploads\/2026\/03\/A_premium_coffee_202603240745-768x1376.jpg 768w, https:\/\/wsmesure.com\/wp-content\/uploads\/2026\/03\/A_premium_coffee_202603240745-857x1536.jpg 857w, https:\/\/wsmesure.com\/wp-content\/uploads\/2026\/03\/A_premium_coffee_202603240745-1143x2048.jpg 1143w, https:\/\/wsmesure.com\/wp-content\/uploads\/2026\/03\/A_premium_coffee_202603240745-scaled.jpg 1429w\" sizes=\"auto, (max-width: 572px) 100vw, 572px\" \/><\/figure>\n<\/div>\n<\/div>\n\n\n\n<p><\/p>\n","protected":false},"excerpt":{"rendered":"<p>Le guide ultime pour un caf\u00e9 parfait D\u00e9couvrez nos articles, guides et comparatifs pour mieux comprendre le caf\u00e9, choisir votre mat\u00e9riel et am\u00e9liorer chaque tasse au quotidien.<\/p>\n","protected":false},"author":1,"featured_media":0,"parent":0,"menu_order":0,"comment_status":"closed","ping_status":"closed","template":"","meta":{"om_disable_all_campaigns":false,"_monsterinsights_skip_tracking":false,"_monsterinsights_sitenote_active":false,"_monsterinsights_sitenote_note":"","_monsterinsights_sitenote_category":0,"_kadence_starter_templates_imported_post":false,"_kad_post_transparent":"","_kad_post_title":"","_kad_post_layout":"","_kad_post_sidebar_id":"","_kad_post_content_style":"","_kad_post_vertical_padding":"","_kad_post_feature":"","_kad_post_feature_position":"","_kad_post_header":false,"_kad_post_footer":false,"_kad_post_classname":"","footnotes":""},"class_list":["post-18","page","type-page","status-publish","hentry"],"_links":{"self":[{"href":"https:\/\/wsmesure.com\/index.php?rest_route=\/wp\/v2\/pages\/18","targetHints":{"allow":["GET"]}}],"collection":[{"href":"https:\/\/wsmesure.com\/index.php?rest_route=\/wp\/v2\/pages"}],"about":[{"href":"https:\/\/wsmesure.com\/index.php?rest_route=\/wp\/v2\/types\/page"}],"author":[{"embeddable":true,"href":"https:\/\/wsmesure.com\/index.php?rest_route=\/wp\/v2\/users\/1"}],"replies":[{"embeddable":true,"href":"https:\/\/wsmesure.com\/index.php?rest_route=%2Fwp%2Fv2%2Fcomments&post=18"}],"version-history":[{"count":5,"href":"https:\/\/wsmesure.com\/index.php?rest_route=\/wp\/v2\/pages\/18\/revisions"}],"predecessor-version":[{"id":25,"href":"https:\/\/wsmesure.com\/index.php?rest_route=\/wp\/v2\/pages\/18\/revisions\/25"}],"wp:attachment":[{"href":"https:\/\/wsmesure.com\/index.php?rest_route=%2Fwp%2Fv2%2Fmedia&parent=18"}],"curies":[{"name":"wp","href":"https:\/\/api.w.org\/{rel}","templated":true}]}}